{"id":3730,"date":"2023-10-16T14:53:41","date_gmt":"2023-10-16T11:53:41","guid":{"rendered":"https:\/\/rite.org.ro\/termeni-si-conditii\/"},"modified":"2024-08-08T14:52:18","modified_gmt":"2024-08-08T11:52:18","slug":"termeni-si-conditii","status":"publish","type":"page","link":"https:\/\/rite.org.ro\/en\/termeni-si-conditii\/","title":{"rendered":"Termeni \u0219i condi\u021bii"},"content":{"rendered":"<div class=\"fusion-fullwidth fullwidth-box fusion-builder-row-1 fusion-flex-container nonhundred-percent-fullwidth non-hundred-percent-height-scrolling\" style=\"--awb-border-radius-top-left:0px;--awb-border-radius-top-right:0px;--awb-border-radius-bottom-right:0px;--awb-border-radius-bottom-left:0px;--awb-flex-wrap:wrap;\" ><div class=\"fusion-builder-row fusion-row fusion-flex-align-items-flex-start fusion-flex-content-wrap\" style=\"max-width:1248px;margin-left: calc(-4% \/ 2 );margin-right: calc(-4% \/ 2 );\"><div class=\"fusion-layout-column fusion_builder_column fusion-builder-column-0 fusion_builder_column_1_1 1_1 fusion-flex-column\" style=\"--awb-bg-blend:overlay;--awb-bg-size:cover;--awb-width-large:100%;--awb-margin-top-large:0px;--awb-spacing-right-large:1.92%;--awb-margin-bottom-large:0px;--awb-spacing-left-large:1.92%;--awb-width-medium:100%;--awb-spacing-right-medium:1.92%;--awb-spacing-left-medium:1.92%;--awb-width-small:100%;--awb-spacing-right-small:1.92%;--awb-spacing-left-small:1.92%;\"><div class=\"fusion-column-wrapper fusion-flex-justify-content-flex-start fusion-content-layout-column\"><div class=\"fusion-text fusion-text-1\"><p>La adresa\u00a0<a href=\"https:\/\/rite.org.ro\/\">www.rite.org.ro<\/a>\u00a0se reg\u0103sesc informa\u021bii (texte, poze, baze de date etc.) care constituie con\u021binutul site-ului\u00a0<a href=\"https:\/\/rite.org.ro\/\">www.rite.org.ro<\/a>, proprietatea\u00a0<strong>ANISP (ASOCIA\u021aIA NA\u021aIONAL\u0102 A INTERNET SERVICE PROVIDERILOR DIN ROM\u00c2NIA)<\/strong>, cu sediul social \u00een ROM\u00c2NIA, SECTOR 1 BUCURE\u0218TI, CALEA FLOREASCA 169, CORP X, PARTER \u00eenregistrat\u0103 \u00een Registrul Asociatiilor si Fundatiilor aflat la grefa Judecatoriei sectorului 1, partea A, Sectiunea II, pozitia 4\/28.01.2022, CUI 13679664. Orice preluare a con\u021binutului (integral\u0103 sau par\u021bial\u0103) \u00een alte scopuri dec\u00e2t \u00een interes personal este sanc\u021bionat\u0103 de legisla\u021bia privind drepturile de proprietate intelectual\u0103.<br \/>\nInforma\u021biile oferite \u00een cadrul prezentului website sunt \u00een limba rom\u00e2n\u0103 sau\/\u0219i \u00een limba englez\u0103(<a href=\"https:\/\/rite.org.ro\/\">www.rite.org.ro<\/a>), f\u0103r\u0103 a exclude prezentarea acestora \u00een alte limbi.<br \/>\n<strong>Folosirea site-ului\u00a0<a href=\"https:\/\/rite.org.ro\/\">www.rite.org.ro<\/a>\u00a0implic\u0103 acceptarea termenilor \u0219i condi\u021biilor ce vor fi detaliate \u00een paragrafele urm\u0103toare.<\/strong><br \/>\nPentru folosirea \u00een cele mai bune condi\u021bii a site-ului, se recomand\u0103 citirea cu aten\u021bie a termenilor \u0219i condi\u021biilor.<br \/>\n<strong>ANISP<\/strong>\u00a0\u00ee\u0219i asum\u0103 dreptul de a face modific\u0103ri ale acestor prevederi f\u0103r\u0103 alt\u0103 notificare. C\u00e2nd se acceseaz\u0103 acest capitol de pe site (termeni \u0219i condi\u021bii), se parcurge varianta cea mai nou\u0103 a acestui contract.<\/p>\n<p><strong>1. LIMITAREA R\u0102SPUNDERII<\/strong><br \/>\nPrin accesarea site-ului sunte\u021bi de acord c\u0103 utilizarea se face pe propria dumneavoastr\u0103 r\u0103spundere.\u00a0<strong>ANISP<\/strong>\u00a0nu este responsabil\u0103 pentru niciun incident direct sau indirect sau orice alte pierderi, costuri sau cheltuieli de orice natur\u0103 care pot ap\u0103rea ca urmare a acces\u0103rii sau navig\u0103rii \u00een site sau prin intermediul desc\u0103rc\u0103rilor de date (text, imagini, video sau audio).<br \/>\nCon\u021binutul site-ului\u00a0<a href=\"https:\/\/rite.org.ro\/\">www.rite.org.ro<\/a>\u00a0a fost alc\u0103tuit cu cea mai mare aten\u021bie pentru introducerea corect\u0103 a datelor \u0219i respectarea acurate\u021bei informa\u021biilor. Totu\u0219i, erorile nu sunt imposibile. De aceea,\u00a0<strong>ANISP<\/strong>\u00a0nu \u00ee\u0219i asum\u0103 responsabilitatea pentru gre\u0219elile de tip\u0103rire sau afi\u0219are, \u00een ceea ce prive\u0219te imaginile, caracteristicile, etc.<br \/>\n<strong>ANISP<\/strong>\u00a0nu este responsabil\u0103 de nicio daun\u0103 provocat\u0103 de viru\u0219i, bug-uri, ac\u021biuni umane sau orice defec\u021biune a sistemului informatic sau orice alte erori, defec\u021biuni sau \u00eent\u00e2rzieri de comunicare \u00een transmisiile pe dispozitive.<br \/>\nToate informa\u021biile \u0219i materialele con\u021binute pe acest site sunt furnizate \u00een mod gratuit, f\u0103r\u0103 niciun fel de garan\u021bie. Sub nicio circumstan\u021b\u0103\u00a0<strong>ANISP<\/strong>\u00a0nu va fi responsabil\u0103 pentru nicio daun\u0103 direct\u0103, indirect\u0103, accidental\u0103 sau special\u0103 care rezult\u0103 din utilizarea sau incapacitatea de a utiliza acest site \u0219i nu va fi responsabil\u0103 pentru orice daune care sunt rezultatul gre\u0219elilor, omisiunilor, \u00eentreruperilor, erorilor, defec\u021biunilor, \u00eent\u00e2rzierilor \u00een func\u021bionare sau transmisie sau orice ne\u00eendeplinire de performan\u021b\u0103 a site-ului.<br \/>\nPrin accesarea site-ului, vizitatorul accept\u0103 \u00een mod expres \u0219i f\u0103r\u0103 echivoc Termenii \u0219i condi\u021biile site-ului \u0219i condi\u021biile \u00een care se desf\u0103\u0219oar\u0103 procesul de contact \u0219i\/sau cerere de ofert\u0103, a\u0219a cum sunt ele prezentate pe site.<\/p>\n<p><strong>2. PUBLICITATE \u0218I CONFIDEN\u021aIALITATE<\/strong><br \/>\n<strong>Utilizatorul nu va face publice, unor ter\u021bi, prin orice mijloace, nicio informa\u021bie cu caracter privat primit\u0103 de la\u00a0ANISP, sub sanc\u021biunea oblig\u0103rii acestuia la plata de daune-interese.<\/strong><br \/>\n<strong>De asemenea,<\/strong>\u00a0<strong>ANISP<\/strong>\u00a0nu va face publice niciunei ter\u021be p\u0103r\u021bi nicio informa\u021bie transmis\u0103 f\u0103r\u0103 acordul scris al utilizatorului, cu excep\u021bia partenerilor agrea\u021bi, furnizori de servicii cu care exist\u0103 un contract prin care se protejeaz\u0103 aceste date.<br \/>\nCiti\u021bi documentul\u00a0<strong><a href=\"https:\/\/rite.org.ro\/politica-de-confidentialitate\/\" target=\"_blank\" rel=\"noopener\">politicii de confiden\u021bialitate<\/a>.<\/strong><\/p>\n<p><strong>3. LEG\u0102TURI<\/strong><br \/>\nSite-ul\u00a0<a href=\"https:\/\/rite.org.ro\/\">www.rite.org.ro<\/a>\u00a0poate con\u021bine linkuri c\u0103tre alte site-uri sau alte surse.<br \/>\n<strong>ANISP<\/strong>\u00a0nu este responsabil\u0103 pentru orice pagub\u0103 sau pierdere cauzat\u0103 sau presupus\u0103 a fi cauzat\u0103 de informa\u021biile furnizate de site-urile sau sursele spre care trimit aceste linkuri.<\/p>\n<p><strong>4. FRAUD\u0102<\/strong><br \/>\nORICE \u00ceNCERCARE DE A ACCESA DATELE PERSONALE ALE ALTUI UTILIZATOR, DE A MODIFICA CON\u021aINUTUL SITE-ULUI\u00a0<a href=\"https:\/\/rite.org.ro\/\" target=\"_blank\" rel=\"noopener\">WWW.RITE.ORG.RO<\/a>\u00a0SAU DE A AFECTA FUNC\u021aIONAREA SERVERULUI CARE G\u0102ZDUIE\u0218TE SITE-UL\u00a0<a href=\"https:\/\/rite.org.ro\/\" target=\"_blank\" rel=\"noopener\">WWW.RITE.ORG.RO<\/a>\u00a0VA FI CONSIDERAT\u0102 O TENTATIV\u0102 DE FRAUDARE A SITE-ULUI \u0218I VA DECLAN\u0218A URM\u0102RIREA PENAL\u0102 \u00ceMPOTRIVA AUTORULUI SAU AUTORILOR ACESTOR FAPTE.<\/p>\n<p><strong>5. SECURITATEA DATELOR PERSONALE \u0218I A INFORMA\u021aIILOR:<\/strong><br \/>\nDatele personale ale utilizatorului vor putea fi folosite de c\u0103tre\u00a0<strong>ANISP\u00a0<\/strong>numai \u00een scopul declarat al acestui site. Informa\u021biile \u0219i datele din formularul de contact \u0219i cel de cerere de ofert\u0103 vor fi folosite numai pentru a r\u0103spunde solicit\u0103rilor emitentului.<br \/>\nDatele personale vor putea fi \u00eens\u0103 transmise autorit\u0103\u021bilor \u00een drept s\u0103 efectueze orice verific\u0103ri justificate \u00een baza legii, dac\u0103 acest lucru va fi solicitat \u00een conformitate cu legile \u00een vigoare.<br \/>\n<strong>ANISP nu vinde, nu ofer\u0103, nu face schimb de adrese de e-mail ob\u021binute prin intermediul acestui site, nu dezv\u0103luie adresa dumneavoastr\u0103 de e-mail altor persoane care acceseaz\u0103 paginile acestui site.<\/strong><br \/>\nDin 25 mai 2018,\u00a0<strong>conform Regulamentului (UE) 679\/2016<\/strong>\u00a0privind protec\u021bia persoanelor fizice \u00een ceea ce prive\u0219te prelucrarea datelor cu caracter personal \u0219i privind libera circula\u021bie a acestor date \u0219i de abrogare a\u00a0<strong>Directivei 95\/46\/CE<\/strong>\u00a0(Regulamentul general privind protec\u021bia datelor) denumit \u00een continuare \u201eRegulamentul GDPR\u201d,\u00a0<strong>ANISP<\/strong>\u00a0are obliga\u021bia de a administra \u00een condi\u021bii de siguran\u021b\u0103 \u0219i numai pentru scopurile specificate, datele personale furnizate de vizitator. Scopul colect\u0103rii datelor este de a r\u0103spunde viz-a-vis de solicit\u0103rile vizitatorilor, a\u0219a cum apare descris \u00een\u00a0<strong><a href=\"https:\/\/rite.org.ro\/politica-de-confidentialitate\/\" target=\"_blank\" rel=\"noopener\">politica de confiden\u021bialitate<\/a><\/strong>.<\/p>\n<p><strong>Conform Regulamentului (UE) 679\/2016<\/strong>, beneficia\u021bi de urm\u0103toarele drepturi:<\/p>\n<ol>\n<li><strong>Dreptul la informare \u0219i acces la date cu caracter personal:<\/strong>\u00a0dreptul de a ob\u021bine o confirmare a faptului c\u0103 se prelucreaz\u0103 sau nu date cu caracter personal care v\u0103 privesc \u0219i, \u00een caz afirmativ, acces la datele respective.<\/li>\n<li><strong>Dreptul la rectificare:<\/strong>\u00a0dreptul de a solicita Operatorului \u0219i de a ob\u021bine, f\u0103r\u0103 \u00eent\u00e2rzieri nejustificate, rectificarea datelor cu caracter personal inexacte care v\u0103 privesc \u0219i\/sau de a ob\u021bine completarea datelor cu caracter personal care sunt incomplete, cu men\u021biunea c\u0103 \u00een cazul unui cont online aceste modific\u0103ri le pute\u021bi efectua personal din sec\u021biunea de editare a datelor contului.<\/li>\n<li><strong>Dreptul la \u0219tergerea datelor (\u201edreptul de a fi uitat\u201d):<\/strong>\u00a0dreptul de a ob\u021bine \u0219tergerea datelor cu caracter personal care v\u0103 privesc, f\u0103r\u0103 \u00eent\u00e2rzieri nejustificate, \u00een cazul \u00een care se aplic\u0103 anumite motive men\u021bionate \u00een\u00a0<strong><a href=\"https:\/\/rite.org.ro\/politica-de-confidentialitate\/\" target=\"_blank\" rel=\"noopener\">Regulamentul GDPR<\/a>.<\/strong><\/li>\n<li><strong>Dreptul la restric\u021bionarea prelucr\u0103rii:<\/strong>\u00a0dreptul de a ob\u021bine restric\u021bionarea prelucr\u0103rii \u00een anumite cazuri.<\/li>\n<li><strong>Dreptul la portabilitatea datelor:<\/strong>\u00a0dreptul de a primi datele cu caracter personal care v\u0103 privesc \u0219i de a le transmite c\u0103tre un alt operator.<\/li>\n<li><strong>Dreptul la opozi\u021bie:<\/strong>\u00a0dreptul de a v\u0103 opune \u00een orice moment prelucr\u0103rii datelor cu caracter personal care v\u0103 privesc, \u00een condi\u021biile Regulamentului GDPR.<\/li>\n<li><strong>Dreptul de a nu face obiectul unei decizii bazate exclusiv pe prelucrarea automat\u0103, inclusiv crearea de profiluri<\/strong>, care produce efecte juridice care v\u0103 privesc sau v\u0103 afecteaz\u0103 \u00een mod similar \u00eentr-o m\u0103sur\u0103 semnificativ\u0103.<\/li>\n<li><strong>Dreptul s\u0103 v\u0103 adresa\u021bi printr-o pl\u00e2ngere Autorit\u0103\u021bii Na\u021bionale de Supraveghere a Prelucr\u0103rii Datelor cu Caracter Personal (ANSPDCP)<\/strong>\u00a0\u00een situa\u021bia \u00een care considera\u021bi c\u0103 datele dumneavoastr\u0103 nu au fost prelucrate \u00een conformitate cu prevederile legale.<\/li>\n<\/ol>\n<p>Pentru exercitarea drepturilor men\u021bionate mai sus, v\u0103 rug\u0103m s\u0103 v\u0103 adresa\u021bi printr-o cerere scris\u0103, datat\u0103 \u0219i semnat\u0103, la adresa de e-mail: dpo [at] anisp.ro, sau la adresa po\u0219tal\u0103: ROM\u00c2NIA, SECTOR 1 BUCURE\u0218TI, CALEA FLOREASCA 169X, PARTER, \u00een aten\u021bia RESPONSABILULUI PENTRU DATE PERSONALE .<\/p>\n<p><strong>6. LITIGII. LEGEA APLICABIL\u0102<\/strong><br \/>\nOrice litigiu ap\u0103rut va fi rezolvat prin \u00een\u021belegere \u00eentre cele dou\u0103 p\u0103r\u021bi (pe cale amiabil\u0103). \u00cen cazul \u00een care nu s-a reu\u0219it stingerea conflictului pe cale amiabil\u0103, competen\u021ba revine instan\u021belor de judecat\u0103 rom\u00e2ne, de pe raza sediului social al\u00a0<strong>ANISP<\/strong>.<br \/>\n<strong>ANISP<\/strong>\u00a0<strong>nu r\u0103spunde pentru pagubele, costurile, procesele, preten\u021biile sau cheltuielile ap\u0103rute ca urmare a nerespect\u0103rii de c\u0103tre utilizatori a \u201eTermenilor \u0219i condi\u021biilor\u201d.<\/strong><\/p>\n<\/div><\/div><\/div><\/div><\/div>\n","protected":false},"excerpt":{"rendered":"","protected":false},"author":1,"featured_media":0,"parent":0,"menu_order":0,"comment_status":"closed","ping_status":"closed","template":"","meta":{"footnotes":""},"class_list":["post-3730","page","type-page","status-publish","hentry"],"_links":{"self":[{"href":"https:\/\/rite.org.ro\/en\/wp-json\/wp\/v2\/pages\/3730","targetHints":{"allow":["GET"]}}],"collection":[{"href":"https:\/\/rite.org.ro\/en\/wp-json\/wp\/v2\/pages"}],"about":[{"href":"https:\/\/rite.org.ro\/en\/wp-json\/wp\/v2\/types\/page"}],"author":[{"embeddable":true,"href":"https:\/\/rite.org.ro\/en\/wp-json\/wp\/v2\/users\/1"}],"replies":[{"embeddable":true,"href":"https:\/\/rite.org.ro\/en\/wp-json\/wp\/v2\/comments?post=3730"}],"version-history":[{"count":2,"href":"https:\/\/rite.org.ro\/en\/wp-json\/wp\/v2\/pages\/3730\/revisions"}],"predecessor-version":[{"id":3858,"href":"https:\/\/rite.org.ro\/en\/wp-json\/wp\/v2\/pages\/3730\/revisions\/3858"}],"wp:attachment":[{"href":"https:\/\/rite.org.ro\/en\/wp-json\/wp\/v2\/media?parent=3730"}],"curies":[{"name":"wp","href":"https:\/\/api.w.org\/{rel}","templated":true}]}}